{"id":971,"date":"2022-03-21T05:27:47","date_gmt":"2022-03-21T03:27:47","guid":{"rendered":"https:\/\/vcafe.ee\/toode\/joyce-rukkileib-v-l\/"},"modified":"2026-01-12T14:53:27","modified_gmt":"2026-01-12T12:53:27","slug":"joyce-rukkileib-v-l","status":"publish","type":"product","link":"https:\/\/vcafe.ee\/en\/toode\/joyce-rukkileib-v-l\/","title":{"rendered":"JOYCE rukkileib (V, L)"},"content":{"rendered":"","protected":false},"excerpt":{"rendered":"<p><strong>K\u00e4sit\u00f6\u00f6rukkileib, mis sobib ka veganile.<\/strong><\/p>\n<p>Juuretis, t\u00e4isterajahu, rukki kroovjahu, vesi, sool, suhkur, rukkilinnasejahu<\/p>\n","protected":false},"featured_media":264,"template":"","meta":{"_acf_changed":false,"inline_featured_image":false},"product_brand":[],"product_cat":[45],"product_tag":[],"class_list":{"0":"post-971","1":"product","2":"type-product","3":"status-publish","4":"has-post-thumbnail","6":"product_cat-bakery-en","8":"first","9":"instock","10":"shipping-taxable","11":"purchasable","12":"product-type-simple"},"acf":[],"_links":{"self":[{"href":"https:\/\/vcafe.ee\/en\/wp-json\/wp\/v2\/product\/971","targetHints":{"allow":["GET"]}}],"collection":[{"href":"https:\/\/vcafe.ee\/en\/wp-json\/wp\/v2\/product"}],"about":[{"href":"https:\/\/vcafe.ee\/en\/wp-json\/wp\/v2\/types\/product"}],"wp:featuredmedia":[{"embeddable":true,"href":"https:\/\/vcafe.ee\/en\/wp-json\/wp\/v2\/media\/264"}],"wp:attachment":[{"href":"https:\/\/vcafe.ee\/en\/wp-json\/wp\/v2\/media?parent=971"}],"wp:term":[{"taxonomy":"product_brand","embeddable":true,"href":"https:\/\/vcafe.ee\/en\/wp-json\/wp\/v2\/product_brand?post=971"},{"taxonomy":"product_cat","embeddable":true,"href":"https:\/\/vcafe.ee\/en\/wp-json\/wp\/v2\/product_cat?post=971"},{"taxonomy":"product_tag","embeddable":true,"href":"https:\/\/vcafe.ee\/en\/wp-json\/wp\/v2\/product_tag?post=971"}],"curies":[{"name":"wp","href":"https:\/\/api.w.org\/{rel}","templated":true}]}}