{"id":1113,"date":"2022-08-26T09:26:48","date_gmt":"2022-08-26T06:26:48","guid":{"rendered":"https:\/\/vcafe.ee\/?post_type=product&#038;p=1113"},"modified":"2023-02-10T10:26:21","modified_gmt":"2023-02-10T08:26:21","slug":"kupsisekook-erikaunistustega","status":"publish","type":"product","link":"https:\/\/vcafe.ee\/en\/toode\/kupsisekook-erikaunistustega\/","title":{"rendered":"K\u00fcpsisekook erikaunistustega"},"content":{"rendered":"","protected":false},"excerpt":{"rendered":"<p><strong>Rohke \u0161okolaadi- ja marjakaunistusega klassikaline k\u00fcpsisekook.<\/strong><\/p>\n<p>\u0160okolaadik\u00fcpsis, vaniljek\u00fcpsis, kohupiim, k\u00e4sit\u00f6\u00f6 vahukoor, toorjuust, marjad, \u0161okolaad<\/p>\n<p>Tordi juurde ei kuulu topper.<\/p>\n","protected":false},"featured_media":1119,"template":"","meta":{"_acf_changed":false,"inline_featured_image":false},"product_brand":[],"product_cat":[50,54,57],"product_tag":[],"class_list":{"0":"post-1113","1":"product","2":"type-product","3":"status-publish","4":"has-post-thumbnail","6":"product_cat-cakespastries-en","7":"product_cat-pastry-en","8":"product_cat-platecakes-en","10":"first","11":"instock","12":"shipping-taxable","13":"purchasable","14":"product-type-simple"},"acf":[],"_links":{"self":[{"href":"https:\/\/vcafe.ee\/en\/wp-json\/wp\/v2\/product\/1113","targetHints":{"allow":["GET"]}}],"collection":[{"href":"https:\/\/vcafe.ee\/en\/wp-json\/wp\/v2\/product"}],"about":[{"href":"https:\/\/vcafe.ee\/en\/wp-json\/wp\/v2\/types\/product"}],"wp:featuredmedia":[{"embeddable":true,"href":"https:\/\/vcafe.ee\/en\/wp-json\/wp\/v2\/media\/1119"}],"wp:attachment":[{"href":"https:\/\/vcafe.ee\/en\/wp-json\/wp\/v2\/media?parent=1113"}],"wp:term":[{"taxonomy":"product_brand","embeddable":true,"href":"https:\/\/vcafe.ee\/en\/wp-json\/wp\/v2\/product_brand?post=1113"},{"taxonomy":"product_cat","embeddable":true,"href":"https:\/\/vcafe.ee\/en\/wp-json\/wp\/v2\/product_cat?post=1113"},{"taxonomy":"product_tag","embeddable":true,"href":"https:\/\/vcafe.ee\/en\/wp-json\/wp\/v2\/product_tag?post=1113"}],"curies":[{"name":"wp","href":"https:\/\/api.w.org\/{rel}","templated":true}]}}