{"id":1056,"date":"2022-03-18T05:28:20","date_gmt":"2022-03-18T03:28:20","guid":{"rendered":"https:\/\/vcafe.ee\/avaleht\/"},"modified":"2024-09-02T11:30:22","modified_gmt":"2024-09-02T08:30:22","slug":"avaleht","status":"publish","type":"page","link":"https:\/\/vcafe.ee\/en\/","title":{"rendered":"Home"},"content":{"rendered":"<div id=\"acf-block_241a8cfbc41df806076005a8da50c435\" class=\"acf-block-element element-cover alignmax d-flex flex-wrap align-items-center justify-content-center position-relative\"><div class=\"element-bg__container position-absolute\" data-opacity=\"30\"><img loading=\"lazy\" decoding=\"async\" width=\"1920\" height=\"360\" src=\"https:\/\/vcafe.ee\/wp-content\/uploads\/2024\/04\/DSC00089-1-1920x360.jpg\" class=\"attachment-hero-xxl size-hero-xxl\" alt=\"\" \/><\/div><div class=\"element-inner is-style-proximanova\">\n\n<h2 class=\"wp-block-heading has-text-align-center wp-el\">You deserve a tasty snack every day!<\/h2>\n\n<\/div><\/div>\n\n<div id=\"acf-block_d8f5e919662464b8ad45771258ddc87a\" class=\"acf-block-element element-bg alignmax\">\n\n<h2 class=\"wp-block-heading wp-el\">Special offers<\/h2>\n\n\n\n<\/div>\n\n\n<h2 class=\"wp-block-heading wp-el\">Cakes you can&#8217;t find in the store\u2026<\/h2>\n\n\n<div id=\"acf-block_3aff7ef5ce56a2739a71193b53a8cf81\" class=\"acf-block-element element-products layout_dark\"><ul class=\"products columns-3\"><li class=\"product type-product post-901 status-publish first instock product_cat-cakespastries-en product_tag-biskviitp-en has-post-thumbnail shipping-taxable purchasable product-type-simple\"><div class=\"product-list-item position-relative h-100\"><a href=\"https:\/\/vcafe.ee\/en\/toode\/gluteenivaba-sokolaaditort\/\" class=\"d-block product-list-item__stretch\"><div class=\"product-list__thumb position-relative\"><img loading=\"lazy\" decoding=\"async\" width=\"450\" height=\"300\" src=\"https:\/\/vcafe.ee\/wp-content\/uploads\/fly-images\/1851\/DSC08818-450x300-c.jpg\" class=\"attachment-450x300\" alt=\"DSC08818\" \/><\/div><div class=\"product-list__content has-text-align-center\"><p class=\"product-list__title has-medium-font-size\">Gluten-free chocolate cake<\/p><div class=\"product-list__excerpt is-style-proximanova\"><p>The pleasantly rich dark chocolate flavor combines with the delicate nuances of almond flour, making it a true delight for gluten-free chocolate lovers!<\/p>\n<\/div>\n\t<span class=\"price\"><span class=\"woocommerce-Price-amount amount\"><bdi>35.00&nbsp;<span class=\"woocommerce-Price-currencySymbol\">&euro;<\/span><\/bdi><\/span><\/span>\n<\/div><\/a><\/div><\/li><li class=\"product type-product post-909 status-publish instock product_cat-cakespastries-en product_tag-kupsisepohi-en has-post-thumbnail shipping-taxable purchasable product-type-simple\"><div class=\"product-list-item position-relative h-100\"><a href=\"https:\/\/vcafe.ee\/en\/toode\/banaani-nutella-tort\/\" class=\"d-block product-list-item__stretch\"><div class=\"product-list__thumb position-relative\"><img loading=\"lazy\" decoding=\"async\" width=\"450\" height=\"300\" src=\"https:\/\/vcafe.ee\/wp-content\/uploads\/fly-images\/1818\/DSC08902-450x300-c.jpg\" class=\"attachment-450x300\" alt=\"DSC08902\" \/><\/div><div class=\"product-list__content has-text-align-center\"><p class=\"product-list__title has-medium-font-size\">Banana Nutella cake<\/p><div class=\"product-list__excerpt is-style-proximanova\"><p>Are you ready to dive into an adventure where the sweetness of banana meets the chocolaty charm of Nutella? Each bite is like a dream dance in the world of flavors. Whether it&#8217;s a festive occasion or just a weekday treat, the banana Nutella cake offers delight at every turn.<\/p>\n<\/div>\n\t<span class=\"price\"><span class=\"woocommerce-Price-amount amount\"><bdi>35.00&nbsp;<span class=\"woocommerce-Price-currencySymbol\">&euro;<\/span><\/bdi><\/span><\/span>\n<\/div><\/a><\/div><\/li><li class=\"product type-product post-912 status-publish instock product_cat-cakespastries-en product_cat-pastry-en product_tag-kupsisepohi-en has-post-thumbnail shipping-taxable purchasable product-type-simple\"><div class=\"product-list-item position-relative h-100\"><a href=\"https:\/\/vcafe.ee\/en\/toode\/vaarika-valge-sokolaadi-tort\/\" class=\"d-block product-list-item__stretch\"><div class=\"product-list__thumb position-relative\"><img loading=\"lazy\" decoding=\"async\" width=\"450\" height=\"300\" src=\"https:\/\/vcafe.ee\/wp-content\/uploads\/fly-images\/1836\/DSC08791-450x300-c.jpg\" class=\"attachment-450x300\" alt=\"DSC08791\" \/><\/div><div class=\"product-list__content has-text-align-center\"><p class=\"product-list__title has-medium-font-size\">Raspberry white chocolate cake<\/p><div class=\"product-list__excerpt is-style-proximanova\"><p>A delightfully moist white chocolate cake that hides summer raspberries within, creating a sweet and tart harmony.<\/p>\n<\/div>\n\t<span class=\"price\"><span class=\"woocommerce-Price-amount amount\"><bdi>35.00&nbsp;<span class=\"woocommerce-Price-currencySymbol\">&euro;<\/span><\/bdi><\/span><\/span>\n<\/div><\/a><\/div><\/li><\/ul><\/div>\n\n\n<h2 class=\"wp-block-heading wp-el\">Nothing beats these (special flavor) cakes<\/h2>\n\n\n<div id=\"acf-block_9b28b4e0bfa70e6134c8e64df7ff50af\" class=\"acf-block-element element-products layout_default\"><ul class=\"products columns-3\"><li class=\"product type-product post-912 status-publish last instock product_cat-cakespastries-en product_cat-pastry-en product_tag-kupsisepohi-en has-post-thumbnail shipping-taxable purchasable product-type-simple\"><div class=\"product-list-item position-relative h-100\"><a href=\"https:\/\/vcafe.ee\/en\/toode\/vaarika-valge-sokolaadi-tort\/\" class=\"d-block product-list-item__stretch\"><div class=\"product-list__thumb position-relative\"><img loading=\"lazy\" decoding=\"async\" width=\"450\" height=\"300\" src=\"https:\/\/vcafe.ee\/wp-content\/uploads\/fly-images\/1836\/DSC08791-450x300-c.jpg\" class=\"attachment-450x300\" alt=\"DSC08791\" \/><\/div><div class=\"product-list__content has-text-align-center\"><p class=\"product-list__title has-medium-font-size\">Raspberry white chocolate cake<\/p><div class=\"product-list__excerpt is-style-proximanova\"><p>A delightfully moist white chocolate cake that hides summer raspberries within, creating a sweet and tart harmony.<\/p>\n<\/div>\n\t<span class=\"price\"><span class=\"woocommerce-Price-amount amount\"><bdi>35.00&nbsp;<span class=\"woocommerce-Price-currencySymbol\">&euro;<\/span><\/bdi><\/span><\/span>\n<\/div><\/a><\/div><\/li><li class=\"product type-product post-944 status-publish first instock product_cat-cakespastries-en product_cat-pastry-en product_cat-platecakes-en has-post-thumbnail shipping-taxable purchasable product-type-variable\"><div class=\"product-list-item position-relative h-100\"><a href=\"https:\/\/vcafe.ee\/en\/toode\/red-velvet-2\/\" class=\"d-block product-list-item__stretch\"><div class=\"product-list__thumb position-relative\"><img loading=\"lazy\" decoding=\"async\" width=\"450\" height=\"300\" src=\"https:\/\/vcafe.ee\/wp-content\/uploads\/fly-images\/1875\/DSC09626-450x300-c.jpg\" class=\"attachment-450x300\" alt=\"DSC09626\" \/><\/div><div class=\"product-list__content has-text-align-center\"><p class=\"product-list__title has-medium-font-size\">Red Velvet cake<\/p><div class=\"product-list__excerpt is-style-proximanova\"><p>Red Velvet is like the star of celebrations\u2014bright and memorable with its luxurious appearance and exquisite taste. Its charming red color and creamy texture make every occasion special.<\/p>\n<\/div>\n\t<span class=\"price\"><span class=\"woocommerce-Price-amount amount\" aria-hidden=\"true\"><bdi>3.90&nbsp;<span class=\"woocommerce-Price-currencySymbol\">&euro;<\/span><\/bdi><\/span> <span aria-hidden=\"true\">&ndash;<\/span> <span class=\"woocommerce-Price-amount amount\" aria-hidden=\"true\"><bdi>25.00&nbsp;<span class=\"woocommerce-Price-currencySymbol\">&euro;<\/span><\/bdi><\/span><span class=\"screen-reader-text\">Price range: 3.90&nbsp;&euro; through 25.00&nbsp;&euro;<\/span><\/span>\n<\/div><\/a><\/div><\/li><\/ul><\/div>\n\n<div id=\"acf-block_d8f5e919662464b8ad45771258ddc87a\" class=\"acf-block-element element-bg alignmax\">\n<div id=\"acf-block_a43b984496435dc9b7ad560d1a513536\" class=\"acf-block-element element-txtmedia col-content-right position-relative\"><div class=\"row row-grid\"><div class=\"col-12 col-md-6 col-content order-md-1\"><div class=\"col-content-inner-wrap position-relative h-100 d-flex flex-wrap align-items-center\"><div class=\"col-content-inner\">\n\n<h2 class=\"wp-block-heading has-theme-primary-color has-text-color has-large-font-size wp-el\" style=\"text-transform:uppercase\"><strong>V Caf\u00e9 birthday package for children<\/strong><\/h2>\n\n\n\n<p class=\"wp-el\">If the birthday child has a favorite superhero or cartoon character, we&#8217;ll invite him! V Cafe is also happy to bring its V bunny mascot to the birthday party!<\/p>\n\n\n\n<div class=\"wp-block-button\"><a class=\"wp-block-button__link wp-element-button\" href=\"http:\/\/vcafe.ee\/menuu\/#lastemenyy\">Read more<\/a><\/div>\n\n<\/div><\/div><\/div><div class=\"col-12 col-md-6 col-media align-self-center\"><div id=\"col-media1\" class=\"swiper\"><div class=\"swiper-wrapper\"><div class=\"swiper-slide\"><img loading=\"lazy\" decoding=\"async\" width=\"690\" height=\"460\" src=\"https:\/\/vcafe.ee\/wp-content\/uploads\/fly-images\/355\/IMG_9380-scaled-690x460-c.jpg\" class=\"attachment-690x460\" alt=\"s\u00fcnnip\u00e4eva t\u00e4histamine\" \/><\/div><\/div><div id=\"col-media1p\" class=\"swiper-button-prev\"><svg xmlns=\"http:\/\/www.w3.org\/2000\/svg\" width=\"10\" height=\"16\" viewBox=\"0 0 10 16\"><path d=\"M809.176,427.237a1.071,1.071,0,0,0,.794-.361l6.9-7.556a1.311,1.311,0,0,0-.029-1.738,1.057,1.057,0,0,0-1.56,0l-6.1,6.687-6.1-6.687a1.058,1.058,0,0,0-1.59.06,1.314,1.314,0,0,0,0,1.681l6.9,7.557a1.075,1.075,0,0,0,.793.359\" transform=\"translate(427.237 -801.183) rotate(90)\" fill=\"var(--secondary-color)\"\/><\/svg><\/div><div id=\"col-media1n\" class=\"swiper-button-next\"><svg xmlns=\"http:\/\/www.w3.org\/2000\/svg\" width=\"10\" height=\"16\" viewBox=\"0 0 10 16\"><path d=\"M7.994,0a1.071,1.071,0,0,1,.794.361l6.9,7.556a1.311,1.311,0,0,1-.029,1.738,1.057,1.057,0,0,1-1.56,0L7.994,2.97l-6.1,6.687A1.058,1.058,0,0,1,.3,9.6a1.314,1.314,0,0,1,0-1.681L7.2.359A1.075,1.075,0,0,1,7.994,0\" transform=\"translate(10 0) rotate(90)\" fill=\"var(--secondary-color)\"\/><\/svg><\/div><\/div><\/div><\/div><\/div>\n<\/div>\n\n<div id=\"acf-block_a88892d412f2d65ceca89c391bce4f4c\" class=\"acf-block-element element-product-categories\"><div class=\"product-cat__grid tall-img-first\"><div class=\"grid-item grid-item__tall\"><img loading=\"lazy\" decoding=\"async\" width=\"450\" height=\"630\" src=\"https:\/\/vcafe.ee\/wp-content\/uploads\/fly-images\/137\/cover-bg-450x630-c.png\" class=\"attachment-450x630\" alt=\"cover-bg\" \/><\/div><a href=\"https:\/\/vcafe.ee\/en\/bakery-en\/\" class=\"grid-item position-relative\"><img loading=\"lazy\" decoding=\"async\" width=\"450\" height=\"300\" src=\"https:\/\/vcafe.ee\/wp-content\/uploads\/fly-images\/2189\/DSC09153-450x300-c.jpg\" class=\"attachment-450x300\" alt=\"DSC09153\" \/><div class=\"product-cat__overlay position-absolute d-flex flex-wrap align-items-center\"><div class=\"overlay--inner w-100 has-text-align-center\"><p class=\"font-weight-bold is-style-proximanova\">Bakery<\/p><div class=\"wp-block-button is-style-secondary\"><button type=\"button\" class=\"wp-block-button__link\">Tutvu valikuga<\/button><\/div><\/div><\/div><\/a><a href=\"https:\/\/vcafe.ee\/en\/bakery-en\/pretzels-en\/\" class=\"grid-item position-relative\"><img loading=\"lazy\" decoding=\"async\" width=\"450\" height=\"300\" src=\"https:\/\/vcafe.ee\/wp-content\/uploads\/fly-images\/2132\/DSC00197-450x300-c.jpg\" class=\"attachment-450x300\" alt=\"DSC00197\" \/><div class=\"product-cat__overlay position-absolute d-flex flex-wrap align-items-center\"><div class=\"overlay--inner w-100 has-text-align-center\"><p class=\"font-weight-bold is-style-proximanova\">Pretzels<\/p><div class=\"wp-block-button is-style-secondary\"><button type=\"button\" class=\"wp-block-button__link\">Tutvu valikuga<\/button><\/div><\/div><\/div><\/a><a href=\"https:\/\/vcafe.ee\/en\/cakespastries-en\/\" class=\"grid-item position-relative\"><img loading=\"lazy\" decoding=\"async\" width=\"450\" height=\"300\" src=\"https:\/\/vcafe.ee\/wp-content\/uploads\/fly-images\/1827\/DSC00299-450x300-c.jpg\" class=\"attachment-450x300\" alt=\"DSC00299\" \/><div class=\"product-cat__overlay position-absolute d-flex flex-wrap align-items-center\"><div class=\"overlay--inner w-100 has-text-align-center\"><p class=\"font-weight-bold is-style-proximanova\">Cakes and pastries<\/p><div class=\"wp-block-button is-style-secondary\"><button type=\"button\" class=\"wp-block-button__link\">Tutvu valikuga<\/button><\/div><\/div><\/div><\/a><\/div><\/div>","protected":false},"excerpt":{"rendered":"<p>Cakes you can&#8217;t find in the store\u2026 Nothing beats these (special flavor) cakes<\/p>\n","protected":false},"author":1,"featured_media":2171,"parent":0,"menu_order":0,"comment_status":"closed","ping_status":"closed","template":"","meta":{"_acf_changed":false,"inline_featured_image":false,"footnotes":""},"class_list":["post-1056","page","type-page","status-publish","has-post-thumbnail","hentry"],"acf":[],"_links":{"self":[{"href":"https:\/\/vcafe.ee\/en\/wp-json\/wp\/v2\/pages\/1056","targetHints":{"allow":["GET"]}}],"collection":[{"href":"https:\/\/vcafe.ee\/en\/wp-json\/wp\/v2\/pages"}],"about":[{"href":"https:\/\/vcafe.ee\/en\/wp-json\/wp\/v2\/types\/page"}],"author":[{"embeddable":true,"href":"https:\/\/vcafe.ee\/en\/wp-json\/wp\/v2\/users\/1"}],"replies":[{"embeddable":true,"href":"https:\/\/vcafe.ee\/en\/wp-json\/wp\/v2\/comments?post=1056"}],"version-history":[{"count":13,"href":"https:\/\/vcafe.ee\/en\/wp-json\/wp\/v2\/pages\/1056\/revisions"}],"predecessor-version":[{"id":2705,"href":"https:\/\/vcafe.ee\/en\/wp-json\/wp\/v2\/pages\/1056\/revisions\/2705"}],"wp:featuredmedia":[{"embeddable":true,"href":"https:\/\/vcafe.ee\/en\/wp-json\/wp\/v2\/media\/2171"}],"wp:attachment":[{"href":"https:\/\/vcafe.ee\/en\/wp-json\/wp\/v2\/media?parent=1056"}],"curies":[{"name":"wp","href":"https:\/\/api.w.org\/{rel}","templated":true}]}}